{"id":47,"date":"2025-10-07T18:43:56","date_gmt":"2025-10-07T16:43:56","guid":{"rendered":"https:\/\/alteaconsult.eu\/?page_id=47"},"modified":"2025-10-13T21:43:16","modified_gmt":"2025-10-13T19:43:16","slug":"oferta","status":"publish","type":"page","link":"https:\/\/alteaconsult.eu\/?page_id=47","title":{"rendered":"Oferta"},"content":{"rendered":"\n<p>Skutecznie wspieram w pozyskaniu bezzwrotnego dofinansowania ze \u015brodk\u00f3w UE na realizacj\u0119 projekt\u00f3w inwestycyjnych, eksportowych, doradczych.<\/p>\n\n\n\n<p>Ponadto:<\/p>\n\n\n\n<ul class=\"wp-block-list\">\n<li>przygotowuj\u0119 strategie marketingowe\/marki\/komunikacji;<\/li>\n\n\n\n<li>realizuj\u0119 us\u0142ugi szkoleniowe z zakresu pozyskiwania i rozliczania Funduszy UE oraz indywidualne szkolenia\/warsztaty z obs\u0142ugi klienta\/sprzeda\u017cy dostosowane do charakteru \u015bwiadczonych us\u0142ug (z wykorzystaniem narz\u0119dzi cyfrowych);<\/li>\n\n\n\n<li>przygotowuj\u0119 strategie wej\u015bcia na rynki zagraniczne;<\/li>\n\n\n\n<li>wykonuj\u0119 ocen\u0119 potencja\u0142u eksportowego;<\/li>\n\n\n\n<li>analizuj\u0119 uwarunkowania prowadzania dzia\u0142alno\u015bci na wybranych rynkach zagranicznych;<\/li>\n\n\n\n<li>wykonuj\u0119 badania i analizy bran\u017cowe;<\/li>\n\n\n\n<li>wspieram w zakresie przygotowania skutecznych dzia\u0142a\u0144 promocyjnych i marketingowych.<\/li>\n<\/ul>\n\n\n\n<p><\/p>\n","protected":false},"excerpt":{"rendered":"<p>Skutecznie wspieram w pozyskaniu bezzwrotnego dofinansowania ze \u015brodk\u00f3w UE na realizacj\u0119 projekt\u00f3w inwestycyjnych, eksportowych, doradczych. Ponadto:<\/p>\n","protected":false},"author":1,"featured_media":0,"parent":0,"menu_order":0,"comment_status":"closed","ping_status":"closed","template":"","meta":{"footnotes":""},"class_list":["post-47","page","type-page","status-publish","hentry"],"blocksy_meta":[],"yoast_head":"<!-- This site is optimized with the Yoast SEO plugin v25.7 - https:\/\/yoast.com\/wordpress\/plugins\/seo\/ -->\n<title>Oferta -<\/title>\n<meta name=\"robots\" content=\"index, follow, max-snippet:-1, max-image-preview:large, max-video-preview:-1\" \/>\n<link rel=\"canonical\" href=\"http:\/\/alteaconsult.eu\/?page_id=47\" \/>\n<meta property=\"og:locale\" content=\"pl_PL\" \/>\n<meta property=\"og:type\" content=\"article\" \/>\n<meta property=\"og:title\" content=\"Oferta -\" \/>\n<meta property=\"og:description\" content=\"Skutecznie wspieram w pozyskaniu bezzwrotnego dofinansowania ze \u015brodk\u00f3w UE na realizacj\u0119 projekt\u00f3w inwestycyjnych, eksportowych, doradczych. Ponadto:\" \/>\n<meta property=\"og:url\" content=\"http:\/\/alteaconsult.eu\/?page_id=47\" \/>\n<meta property=\"article:modified_time\" content=\"2025-10-13T19:43:16+00:00\" \/>\n<meta name=\"twitter:card\" content=\"summary_large_image\" \/>\n<meta name=\"twitter:label1\" content=\"Szacowany czas czytania\" \/>\n\t<meta name=\"twitter:data1\" content=\"1 minuta\" \/>\n<script type=\"application\/ld+json\" class=\"yoast-schema-graph\">{\"@context\":\"https:\/\/schema.org\",\"@graph\":[{\"@type\":\"WebPage\",\"@id\":\"http:\/\/alteaconsult.eu\/?page_id=47\",\"url\":\"http:\/\/alteaconsult.eu\/?page_id=47\",\"name\":\"Oferta -\",\"isPartOf\":{\"@id\":\"http:\/\/alteaconsult.eu\/#website\"},\"datePublished\":\"2025-10-07T16:43:56+00:00\",\"dateModified\":\"2025-10-13T19:43:16+00:00\",\"breadcrumb\":{\"@id\":\"http:\/\/alteaconsult.eu\/?page_id=47#breadcrumb\"},\"inLanguage\":\"pl-PL\",\"potentialAction\":[{\"@type\":\"ReadAction\",\"target\":[\"http:\/\/alteaconsult.eu\/?page_id=47\"]}]},{\"@type\":\"BreadcrumbList\",\"@id\":\"http:\/\/alteaconsult.eu\/?page_id=47#breadcrumb\",\"itemListElement\":[{\"@type\":\"ListItem\",\"position\":1,\"name\":\"Home\",\"item\":\"http:\/\/alteaconsult.eu\/\"},{\"@type\":\"ListItem\",\"position\":2,\"name\":\"Oferta\"}]},{\"@type\":\"WebSite\",\"@id\":\"http:\/\/alteaconsult.eu\/#website\",\"url\":\"http:\/\/alteaconsult.eu\/\",\"name\":\"\",\"description\":\"\",\"potentialAction\":[{\"@type\":\"SearchAction\",\"target\":{\"@type\":\"EntryPoint\",\"urlTemplate\":\"http:\/\/alteaconsult.eu\/?s={search_term_string}\"},\"query-input\":{\"@type\":\"PropertyValueSpecification\",\"valueRequired\":true,\"valueName\":\"search_term_string\"}}],\"inLanguage\":\"pl-PL\"}]}<\/script>\n<!-- \/ Yoast SEO plugin. -->","yoast_head_json":{"title":"Oferta -","robots":{"index":"index","follow":"follow","max-snippet":"max-snippet:-1","max-image-preview":"max-image-preview:large","max-video-preview":"max-video-preview:-1"},"canonical":"http:\/\/alteaconsult.eu\/?page_id=47","og_locale":"pl_PL","og_type":"article","og_title":"Oferta -","og_description":"Skutecznie wspieram w pozyskaniu bezzwrotnego dofinansowania ze \u015brodk\u00f3w UE na realizacj\u0119 projekt\u00f3w inwestycyjnych, eksportowych, doradczych. Ponadto:","og_url":"http:\/\/alteaconsult.eu\/?page_id=47","article_modified_time":"2025-10-13T19:43:16+00:00","twitter_card":"summary_large_image","twitter_misc":{"Szacowany czas czytania":"1 minuta"},"schema":{"@context":"https:\/\/schema.org","@graph":[{"@type":"WebPage","@id":"http:\/\/alteaconsult.eu\/?page_id=47","url":"http:\/\/alteaconsult.eu\/?page_id=47","name":"Oferta -","isPartOf":{"@id":"http:\/\/alteaconsult.eu\/#website"},"datePublished":"2025-10-07T16:43:56+00:00","dateModified":"2025-10-13T19:43:16+00:00","breadcrumb":{"@id":"http:\/\/alteaconsult.eu\/?page_id=47#breadcrumb"},"inLanguage":"pl-PL","potentialAction":[{"@type":"ReadAction","target":["http:\/\/alteaconsult.eu\/?page_id=47"]}]},{"@type":"BreadcrumbList","@id":"http:\/\/alteaconsult.eu\/?page_id=47#breadcrumb","itemListElement":[{"@type":"ListItem","position":1,"name":"Home","item":"http:\/\/alteaconsult.eu\/"},{"@type":"ListItem","position":2,"name":"Oferta"}]},{"@type":"WebSite","@id":"http:\/\/alteaconsult.eu\/#website","url":"http:\/\/alteaconsult.eu\/","name":"","description":"","potentialAction":[{"@type":"SearchAction","target":{"@type":"EntryPoint","urlTemplate":"http:\/\/alteaconsult.eu\/?s={search_term_string}"},"query-input":{"@type":"PropertyValueSpecification","valueRequired":true,"valueName":"search_term_string"}}],"inLanguage":"pl-PL"}]}},"_links":{"self":[{"href":"https:\/\/alteaconsult.eu\/index.php?rest_route=\/wp\/v2\/pages\/47","targetHints":{"allow":["GET"]}}],"collection":[{"href":"https:\/\/alteaconsult.eu\/index.php?rest_route=\/wp\/v2\/pages"}],"about":[{"href":"https:\/\/alteaconsult.eu\/index.php?rest_route=\/wp\/v2\/types\/page"}],"author":[{"embeddable":true,"href":"https:\/\/alteaconsult.eu\/index.php?rest_route=\/wp\/v2\/users\/1"}],"replies":[{"embeddable":true,"href":"https:\/\/alteaconsult.eu\/index.php?rest_route=%2Fwp%2Fv2%2Fcomments&post=47"}],"version-history":[{"count":16,"href":"https:\/\/alteaconsult.eu\/index.php?rest_route=\/wp\/v2\/pages\/47\/revisions"}],"predecessor-version":[{"id":122,"href":"https:\/\/alteaconsult.eu\/index.php?rest_route=\/wp\/v2\/pages\/47\/revisions\/122"}],"wp:attachment":[{"href":"https:\/\/alteaconsult.eu\/index.php?rest_route=%2Fwp%2Fv2%2Fmedia&parent=47"}],"curies":[{"name":"wp","href":"https:\/\/api.w.org\/{rel}","templated":true}]}}